{"id":2920,"date":"2022-04-26T09:50:44","date_gmt":"2022-04-26T08:50:44","guid":{"rendered":"https:\/\/www.capitecorpus.com\/blog\/?page_id=2920"},"modified":"2022-04-26T11:10:23","modified_gmt":"2022-04-26T10:10:23","slug":"a-propos","status":"publish","type":"page","link":"https:\/\/www.capitecorpus.com\/blog\/a-propos\/","title":{"rendered":"A PROPOS"},"content":{"rendered":"<p>[et_pb_section fb_built=\u00a0\u00bb1&Prime; _builder_version=\u00a0\u00bb4.17.3&Prime; _module_preset=\u00a0\u00bbdefault\u00a0\u00bb global_colors_info=\u00a0\u00bb{}\u00a0\u00bb][et_pb_row _builder_version=\u00a0\u00bb4.17.3&Prime; _module_preset=\u00a0\u00bbdefault\u00a0\u00bb global_colors_info=\u00a0\u00bb{}\u00a0\u00bb][et_pb_column type=\u00a0\u00bb4_4&Prime; _builder_version=\u00a0\u00bb4.17.3&Prime; _module_preset=\u00a0\u00bbdefault\u00a0\u00bb global_colors_info=\u00a0\u00bb{}\u00a0\u00bb][et_pb_text _builder_version=\u00a0\u00bb4.17.3&Prime; _module_preset=\u00a0\u00bbdefault\u00a0\u00bb global_colors_info=\u00a0\u00bb{}\u00a0\u00bb]<\/p>\n<p><span style=\"font-size: revert;\">En 2003, d&rsquo;une envie, d&rsquo;un constat, d&rsquo;un besoin de changement personnel naissait Capite Corpus : des formations <\/span><strong style=\"font-size: revert;\">courtes, pratiques <\/strong><span style=\"font-size: revert;\"> et <\/span><strong style=\"font-size: revert;\">pragmatiques <\/strong><span style=\"font-size: revert;\">bas\u00e9es sur des techniques de communication interpersonnelle appliqu\u00e9es au management, au commercial, \u00e0 l&rsquo;efficacit\u00e9 professionnelle et relationnelle.<\/span><\/p>\n<div class=\"middle-wrapper grid-wrapper clearfix\">\n<div class=\"panel-panel grid-8 left\">\n<div class=\"inside\">\n<div class=\"panel-pane pane-node-content\">\n<div class=\"pane-content\">\n<article id=\"node-page-738\" class=\"node node-page node-published node-not-promoted node-not-sticky author-capitecorpus odd clearfix view_mode-full\">\n<div class=\"content clearfix\">\n<div class=\"field field-name-body field-type-text-with-summary field-label-hidden clearfix\">\n<div class=\"field-items\">\n<div class=\"field-item even\">\n<p>Notre d\u00e9marche et nos actions ont \u00e9t\u00e9 \u00e9prouv\u00e9es dans de nombreuses entreprises avec le souci constant d&rsquo;adapter et de personnaliser nos actions \u00e0 la probl\u00e9matique de chaque client et aux <strong>situations concr\u00e8tes <\/strong>de travail.<\/p>\n<p>Avec le Blog Capite Corpus, nous avons souhait\u00e9 partager <strong>outils, m\u00e9thodes <\/strong>ou encore <strong>techniques <\/strong>que nous valorisons tout au long de nos formations pour permettre \u00e0 tout un chacun, de <strong>s&rsquo;enrichir, d&rsquo;am\u00e9liorer <\/strong>ses pratiques ou encore de <strong>d\u00e9couvrir <\/strong>son propre <strong>potentiel <\/strong>en terme de <strong>communication <\/strong>et de <strong>relationnel <\/strong>avec les autres !<\/p>\n<p>Alors lisez, partagez, exp\u00e9rimentez et surtout n&rsquo;h\u00e9sitez pas \u00e0 commenter pour que l&rsquo;\u00e9change, la transparence et la motivation priment&#8230; !<\/p>\n<p>Pour en savoir plus :<\/p>\n<p><strong><a href=\"http:\/\/www.capitecorpus.com\/notre-societe\" target=\"_blank\" rel=\"noopener\">&gt;&gt;&gt; Sur Capite Corpus<\/a><\/strong><\/p>\n<p><strong><a href=\"http:\/\/www.capitecorpus.com\/references-clients\" target=\"_blank\" rel=\"noopener\">&gt;&gt;&gt; Sur nos clients<\/a><\/strong><\/p>\n<p><strong><a href=\"http:\/\/www.capitecorpus.com\/pedagogie\/pedagogie\" target=\"_blank\" rel=\"noopener\">&gt;&gt;&gt; Sur la p\u00e9dagogie<\/a><\/strong><\/p>\n<\/div>\n<\/div>\n<\/div>\n<\/div>\n<\/article>\n<\/div>\n<\/div>\n<\/div>\n<\/div>\n<\/div>\n<p>[\/et_pb_text][\/et_pb_column][\/et_pb_row][\/et_pb_section]<\/p>\n","protected":false},"excerpt":{"rendered":"<p>En 2003, d&rsquo;une envie, d&rsquo;un constat, d&rsquo;un besoin de changement personnel naissait Capite Corpus : des formations courtes, pratiques et pragmatiques bas\u00e9es sur des techniques de communication interpersonnelle appliqu\u00e9es au management, au commercial, \u00e0 l&rsquo;efficacit\u00e9 professionnelle et relationnelle. Notre d\u00e9marche et nos actions ont \u00e9t\u00e9 \u00e9prouv\u00e9es dans de nombreuses entreprises avec le souci constant d&rsquo;adapter [&hellip;]<\/p>\n","protected":false},"author":2,"featured_media":0,"parent":0,"menu_order":0,"comment_status":"closed","ping_status":"closed","template":"","meta":{"_et_pb_use_builder":"on","_et_pb_old_content":"","_et_gb_content_width":"1280","footnotes":""},"class_list":["post-2920","page","type-page","status-publish","hentry"],"_links":{"self":[{"href":"https:\/\/www.capitecorpus.com\/blog\/wp-json\/wp\/v2\/pages\/2920","targetHints":{"allow":["GET"]}}],"collection":[{"href":"https:\/\/www.capitecorpus.com\/blog\/wp-json\/wp\/v2\/pages"}],"about":[{"href":"https:\/\/www.capitecorpus.com\/blog\/wp-json\/wp\/v2\/types\/page"}],"author":[{"embeddable":true,"href":"https:\/\/www.capitecorpus.com\/blog\/wp-json\/wp\/v2\/users\/2"}],"replies":[{"embeddable":true,"href":"https:\/\/www.capitecorpus.com\/blog\/wp-json\/wp\/v2\/comments?post=2920"}],"version-history":[{"count":0,"href":"https:\/\/www.capitecorpus.com\/blog\/wp-json\/wp\/v2\/pages\/2920\/revisions"}],"wp:attachment":[{"href":"https:\/\/www.capitecorpus.com\/blog\/wp-json\/wp\/v2\/media?parent=2920"}],"curies":[{"name":"wp","href":"https:\/\/api.w.org\/{rel}","templated":true}]}}