{"id":82,"date":"2015-10-26T16:43:36","date_gmt":"2015-10-26T15:43:36","guid":{"rendered":"http:\/\/testcc2.sbrocard.com\/?page_id=82"},"modified":"2019-01-15T14:17:54","modified_gmt":"2019-01-15T13:17:54","slug":"formations-efficacite-relationnelle","status":"publish","type":"page","link":"https:\/\/www.capitecorpus.com\/blog\/formations-efficacite-relationnelle\/","title":{"rendered":"EFFICACIT\u00c9 RELATIONNELLE"},"content":{"rendered":"<p>[vc_row][vc_column width=\u00a0\u00bb2\/3&Prime;][\/vc_column][\/vc_row][vc_row][vc_column width=\u00a0\u00bb2\/3&Prime;][vc_column_text]<a href=\"https:\/\/www.capitecorpus.com\/blog\/wp-content\/uploads\/2015\/10\/picto-eff-relationnelle.png\"><img loading=\"lazy\" decoding=\"async\" class=\" wp-image-517 alignleft\" src=\"https:\/\/www.capitecorpus.com\/blog\/wp-content\/uploads\/2015\/10\/picto-eff-relationnelle.png\" alt=\"picto-eff-relationnelle\" width=\"57\" height=\"64\" \/><\/a>Des <strong>formations autour de l&rsquo;efficacit\u00e9 relationnelle et des outils de communication interpersonnelle<\/strong> accessibles en inter-entreprise et en intra-entreprise.[\/vc_column_text][vc_separator color=\u00a0\u00bbcustom\u00a0\u00bb accent_color=\u00a0\u00bb#df0f02&Prime;][vc_column_text]<\/p>\n<h1 style=\"font-size: 1.3em; margin-bottom: 10px; text-align: justify;\"><span style=\"color: #fa6612;\"><a href=\"https:\/\/www.capitecorpus.com\/blog\/wp-content\/uploads\/2015\/11\/picto-best-2.png\"><img loading=\"lazy\" decoding=\"async\" class=\"size-full wp-image-530 alignright\" src=\"https:\/\/www.capitecorpus.com\/blog\/wp-content\/uploads\/2015\/11\/picto-best-2.png\" alt=\"picto-best-2\" width=\"85\" height=\"91\" \/><\/a><\/span><span style=\"color: #df0f02;\"><a style=\"color: #df0f02; text-decoration: none;\" href=\"https:\/\/www.capitecorpus.com\/formation-efficacite-relationnelle\/formation-gestion-des-conflits\" target=\"_blank\">Gestion des conflits : R\u00e9tablir la communication et n\u00e9gocier une sortie de conflits<\/a><\/span><\/h1>\n<p style=\"text-align: justify;\"><a href=\"http:\/\/www.capitecorpus.com\/formation-efficacite-relationnelle\/formation-gestion-des-conflits\" target=\"_blank\"><img loading=\"lazy\" decoding=\"async\" class=\"wp-image-587 alignleft\" src=\"https:\/\/www.capitecorpus.com\/blog\/wp-content\/uploads\/2015\/10\/formation_gestion_des_conflits.jpg\" alt=\"formation_gestion_des_conflits\" width=\"230\" height=\"131\" srcset=\"https:\/\/www.capitecorpus.com\/blog\/wp-content\/uploads\/2015\/10\/formation_gestion_des_conflits.jpg 464w, https:\/\/www.capitecorpus.com\/blog\/wp-content\/uploads\/2015\/10\/formation_gestion_des_conflits-300x171.jpg 300w\" sizes=\"(max-width: 230px) 100vw, 230px\" \/><\/a>Une formation de 2 jours pour faire face en confiance \u00e0 des situations difficiles et traiter le <strong>conflits<\/strong> au sein d&rsquo;un service : comment anticiper les situations d\u00e9licates par une communication adapt\u00e9e, n\u00e9gocier une sortie de conflit mutuellement acceptable.<\/p>\n<h2 style=\"font-size: 1.1em; text-align: justify;\">Consulter le programme d\u00e9taill\u00e9 de notre formation<span style=\"color: #df0f02;\"><a style=\"color: #df0f02; text-decoration: none;\" href=\"https:\/\/www.capitecorpus.com\/formation-efficacite-relationnelle\/formation-gestion-des-conflits\" target=\"_blank\"><strong> Gestion des conflits<\/strong><\/a><\/span><\/h2>\n<p>[\/vc_column_text][vc_separator color=\u00a0\u00bbcustom\u00a0\u00bb accent_color=\u00a0\u00bb#df0f02&Prime;][vc_column_text]<\/p>\n<h1 style=\"font-size: 1.3em; margin-bottom: 10px; text-align: justify;\"><span style=\"color: #df0f02;\"><a style=\"color: #df0f02; text-decoration: none;\" href=\"https:\/\/www.capitecorpus.com\/formation-efficacite-relationnelle\/formation-convaincre\" target=\"_blank\">Convaincre et persuader : D\u00e9fendre et argumenter ses id\u00e9es avec conviction<\/a><\/span><\/h1>\n<p style=\"text-align: justify;\"><a href=\"http:\/\/www.capitecorpus.com\/formation-efficacite-relationnelle\/formation-convaincre\" target=\"_blank\"><img loading=\"lazy\" decoding=\"async\" class=\"wp-image-589 alignleft\" src=\"https:\/\/www.capitecorpus.com\/blog\/wp-content\/uploads\/2015\/10\/formation_communiquer_avec_persuasion_et_force_de_conviction.jpg\" alt=\"formation_communiquer_avec_persuasion_et_force_de_conviction\" width=\"230\" height=\"131\" srcset=\"https:\/\/www.capitecorpus.com\/blog\/wp-content\/uploads\/2015\/10\/formation_communiquer_avec_persuasion_et_force_de_conviction.jpg 464w, https:\/\/www.capitecorpus.com\/blog\/wp-content\/uploads\/2015\/10\/formation_communiquer_avec_persuasion_et_force_de_conviction-300x171.jpg 300w\" sizes=\"(max-width: 230px) 100vw, 230px\" \/><\/a>Une formation de 2 jours pour d\u00e9velopper sainement et sereinement son pouvoir de persuasion : comment d\u00e9fendre ses id\u00e9es, argumenter son point de vue, convaincre autour de ses projets et traiter les objections avec tact et diplomatie.<\/p>\n<h2 style=\"font-size: 1.1em; text-align: justify;\">Consulter le programme d\u00e9taill\u00e9 de notre formation <span style=\"color: #df0f02;\"><a style=\"color: #df0f02; text-decoration: none;\" href=\"https:\/\/www.capitecorpus.com\/formation-efficacite-relationnelle\/formation-convaincre\" target=\"_blank\"><strong>Convaincre et persuader<\/strong><\/a><\/span><\/h2>\n<p>[\/vc_column_text][vc_separator color=\u00a0\u00bbcustom\u00a0\u00bb accent_color=\u00a0\u00bb#df0f02&Prime;][vc_column_text]<\/p>\n<h1 style=\"font-size: 1.3em; margin-bottom: 10px; text-align: justify;\"><span style=\"color: #fa6612;\"><a href=\"https:\/\/www.capitecorpus.com\/blog\/wp-content\/uploads\/2015\/10\/picto-best-21.png\"><img loading=\"lazy\" decoding=\"async\" class=\"size-full wp-image-526 alignright\" src=\"https:\/\/www.capitecorpus.com\/blog\/wp-content\/uploads\/2015\/10\/picto-best-21.png\" alt=\"picto-best-2\" width=\"85\" height=\"91\" \/><\/a><\/span><span style=\"color: #df0f02;\"><a style=\"color: #df0f02; text-decoration: none;\" href=\"https:\/\/www.capitecorpus.com\/formation%20efficacite-relationnelle\/formation-negociation-efficace\" target=\"_blank\">Formation N\u00e9gociation efficace : Se positionner et argumenter pour obtenir gain de cause<\/a><\/span><\/h1>\n<p style=\"text-align: justify;\"><a href=\"http:\/\/www.capitecorpus.com\/formation%20efficacite-relationnelle\/formation-negociation-efficace\" target=\"_blank\"><img loading=\"lazy\" decoding=\"async\" class=\"wp-image-590 alignleft\" src=\"https:\/\/www.capitecorpus.com\/blog\/wp-content\/uploads\/2015\/10\/formation_negociation_efficace.jpg\" alt=\"formation_negociation_efficace\" width=\"230\" height=\"131\" srcset=\"https:\/\/www.capitecorpus.com\/blog\/wp-content\/uploads\/2015\/10\/formation_negociation_efficace.jpg 464w, https:\/\/www.capitecorpus.com\/blog\/wp-content\/uploads\/2015\/10\/formation_negociation_efficace-300x171.jpg 300w\" sizes=\"(max-width: 230px) 100vw, 230px\" \/><\/a>Une formation de 2 jours pour apprendre \u00e0 mener des n\u00e9gociations dans un autre contexte que celui du commercial : comment se pr\u00e9parer, se positionner, agir \u00e0 chaque \u00e9tape de la n\u00e9gociation et faire valoir ses arguments pour obtenir les ressources ou les \u00e9ch\u00e9ances n\u00e9cessaires \u00e0 la r\u00e9alisation de sa mission.<\/p>\n<h2 style=\"font-size: 1.1em; text-align: justify;\">Consulter le programme d\u00e9taill\u00e9 de notre formation <span style=\"color: #df0f02;\"><a style=\"color: #df0f02; text-decoration: none;\" href=\"https:\/\/www.capitecorpus.com\/formation%20efficacite-relationnelle\/formation-negociation-efficace\" target=\"_blank\"><strong>N\u00e9gociation efficace<\/strong><\/a><\/span><\/h2>\n<p>[\/vc_column_text][vc_separator color=\u00a0\u00bbcustom\u00a0\u00bb accent_color=\u00a0\u00bb#df0f02&Prime;][vc_column_text]<\/p>\n<h1 style=\"font-size: 1.3em; margin-bottom: 10px; text-align: justify;\"><span style=\"color: #fa6612;\"><a href=\"https:\/\/www.capitecorpus.com\/blog\/wp-content\/uploads\/2015\/11\/picto-best-2.png\"><img loading=\"lazy\" decoding=\"async\" class=\"size-full wp-image-530 alignright\" src=\"https:\/\/www.capitecorpus.com\/blog\/wp-content\/uploads\/2015\/11\/picto-best-2.png\" alt=\"picto-best-2\" width=\"85\" height=\"91\" \/><\/a><\/span><span style=\"color: #df0f02;\"><a style=\"color: #df0f02; text-decoration: none;\" href=\"https:\/\/www.capitecorpus.com\/formation-efficacite-relationnelle\/formation-gestion-du-temps-et-des-priorites\" target=\"_blank\">Gestion du temps et des priorit\u00e9s : Concilier urgences, priorit\u00e9s et quotidien<\/a><\/span><\/h1>\n<p style=\"text-align: justify;\"><a href=\"http:\/\/www.capitecorpus.com\/formation-efficacite-relationnelle\/formation-gestion-du-temps-et-des-priorites\" target=\"_blank\"><img loading=\"lazy\" decoding=\"async\" class=\"wp-image-591 alignleft\" src=\"https:\/\/www.capitecorpus.com\/blog\/wp-content\/uploads\/2015\/10\/formation_gestion_du_temps_et_des_priorites.jpg\" alt=\"formation_gestion_du_temps_et_des_priorites\" width=\"230\" height=\"131\" srcset=\"https:\/\/www.capitecorpus.com\/blog\/wp-content\/uploads\/2015\/10\/formation_gestion_du_temps_et_des_priorites.jpg 464w, https:\/\/www.capitecorpus.com\/blog\/wp-content\/uploads\/2015\/10\/formation_gestion_du_temps_et_des_priorites-300x171.jpg 300w\" sizes=\"(max-width: 230px) 100vw, 230px\" \/><\/a>Une formation de 2 jours pour mettre en place un mode d&rsquo;organisation plus productif comment s&rsquo;orienter entre priorit\u00e9s et urgences, optimiser sa communication avec les autres, planifier son travail, optimiser ses outils.<\/p>\n<h2 style=\"font-size: 1.1em; text-align: justify;\">Consulter le programme d\u00e9taill\u00e9 de notre formation <span style=\"color: #df0f02;\"><a style=\"color: #df0f02; text-decoration: none;\" href=\"https:\/\/www.capitecorpus.com\/formation-efficacite-relationnelle\/formation-gestion-du-temps-et-des-priorites\" target=\"_blank\"><strong>Gestion du temps et des priorit\u00e9s<\/strong><\/a><\/span><\/h2>\n<p>[\/vc_column_text][vc_separator color=\u00a0\u00bbcustom\u00a0\u00bb accent_color=\u00a0\u00bb#df0f02&Prime;][vc_column_text]<\/p>\n<h1 style=\"font-size: 1.3em; margin-bottom: 10px; text-align: justify;\"><span style=\"color: #fa6612;\"><a href=\"https:\/\/www.capitecorpus.com\/blog\/wp-content\/uploads\/2015\/11\/picto-best-2.png\"><img loading=\"lazy\" decoding=\"async\" class=\"size-full wp-image-530 alignright\" src=\"https:\/\/www.capitecorpus.com\/blog\/wp-content\/uploads\/2015\/11\/picto-best-2.png\" alt=\"picto-best-2\" width=\"85\" height=\"91\" \/><\/a><\/span><span style=\"color: #df0f02;\"><a style=\"color: #df0f02; text-decoration: none;\" href=\"https:\/\/www.capitecorpus.com\/formation-efficacite-relationelle\/formation-communication-non-violente\" target=\"_blank\">Communication Non Violente : Communiquer de mani\u00e8re positive et constructive<\/a><\/span><\/h1>\n<p style=\"text-align: justify;\"><a href=\"http:\/\/www.capitecorpus.com\/formation-efficacite-relationelle\/formation-communication-non-violente\" target=\"_blank\"><img loading=\"lazy\" decoding=\"async\" class=\"wp-image-592 alignleft\" src=\"https:\/\/www.capitecorpus.com\/blog\/wp-content\/uploads\/2015\/10\/formation_communication_non_violente_et_ses_applications_en_contexte_professionnel.jpg\" alt=\"formation_communication_non_violente_et_ses_applications_en_contexte_professionnel\" width=\"230\" height=\"131\" srcset=\"https:\/\/www.capitecorpus.com\/blog\/wp-content\/uploads\/2015\/10\/formation_communication_non_violente_et_ses_applications_en_contexte_professionnel.jpg 464w, https:\/\/www.capitecorpus.com\/blog\/wp-content\/uploads\/2015\/10\/formation_communication_non_violente_et_ses_applications_en_contexte_professionnel-300x171.jpg 300w\" sizes=\"(max-width: 230px) 100vw, 230px\" \/><\/a>Une formation de 2 jours sp\u00e9cifique autour de 4 \u00e9tapes de la m\u00e9thode de la communication non violente et de leur mise en application pour faciliter les relations humaines, les enrichir avec empathie et cr\u00e9er les conditions d&rsquo;un mode de communication bienveillant et constructif.<\/p>\n<h2 style=\"font-size: 1.1em; text-align: justify;\">Consulter le programme d\u00e9taill\u00e9 de notre formation <span style=\"color: #df0f02;\"><a style=\"color: #df0f02; text-decoration: none;\" href=\"https:\/\/www.capitecorpus.com\/formation-efficacite-relationelle\/formation-communication-non-violente\" target=\"_blank\"><strong>Communication Non Violente<\/strong><\/a><\/span><\/h2>\n<p>[\/vc_column_text][vc_separator color=\u00a0\u00bbcustom\u00a0\u00bb accent_color=\u00a0\u00bb#df0f02&Prime;][vc_column_text]<\/p>\n<h1 style=\"font-size: 1.3em; margin-bottom: 10px; text-align: justify;\"><\/h1>\n<h1 style=\"font-size: 1.3em; margin-bottom: 10px; text-align: justify;\"><span style=\"color: #df0f02;\"><a style=\"color: #df0f02; text-decoration: none;\" href=\"https:\/\/www.capitecorpus.com\/formation-efficacite-relationelle\/formation-communication-non-violente\" target=\"_blank\">Communiquer efficacement : Ma\u00eetriser les fondamentaux de la communication interpersonnelle<\/a><\/span><\/h1>\n<p style=\"text-align: justify;\"><a href=\"http:\/\/www.capitecorpus.com\/formation-efficacite-relationnelle\/formation-communication-interpersonnelle\" target=\"_blank\"><img loading=\"lazy\" decoding=\"async\" class=\"wp-image-594 alignleft\" src=\"https:\/\/www.capitecorpus.com\/blog\/wp-content\/uploads\/2015\/10\/formation_communiquer_efficacement.jpg\" alt=\"formation_communiquer_efficacement\" width=\"230\" height=\"131\" srcset=\"https:\/\/www.capitecorpus.com\/blog\/wp-content\/uploads\/2015\/10\/formation_communiquer_efficacement.jpg 464w, https:\/\/www.capitecorpus.com\/blog\/wp-content\/uploads\/2015\/10\/formation_communiquer_efficacement-300x171.jpg 300w\" sizes=\"(max-width: 230px) 100vw, 230px\" \/><\/a>Une formation de 2 jours pour s&rsquo;approprier les fondamentaux de la communication interpersonnelle : comment faire passer un message et v\u00e9rifier qu&rsquo;il est bien compris, ma\u00eetriser les d\u00e9tails qui donneront plus d&rsquo;impact \u00e0 ses \u00e9changes et d\u00e9velopper son potentiel relationnel.<\/p>\n<h2 style=\"font-size: 1.1em; text-align: justify;\">Consulter le programme d\u00e9taill\u00e9 de notre formation <span style=\"color: #df0f02;\"><a style=\"color: #df0f02; text-decoration: none;\" href=\"http:\/\/www.capitecorpus.com\/formation-efficacite-relationnelle\/formation-communication-interpersonnelle\" target=\"_blank\"><strong>Communiquer efficacement<\/strong><\/a><\/span><\/h2>\n<p>[\/vc_column_text][vc_separator color=\u00a0\u00bbcustom\u00a0\u00bb accent_color=\u00a0\u00bb#df0f02&Prime;][vc_column_text]<\/p>\n<h1 style=\"font-size: 1.3em; margin-bottom: 10px; text-align: justify;\"><a href=\"https:\/\/www.capitecorpus.com\/formation-efficacite-relationnelle\/formation-affirmation-de-soi\"><span style=\"color: #df0f02;\">Affirmation de soi et gestion des \u00e9motions :\u00a0Trouver le bon tempo dans sa communication<\/span><\/a><\/h1>\n<p style=\"text-align: justify;\"><a href=\"http:\/\/www.capitecorpus.com\/formation-efficacite-relationnelle\/formation-affirmation-de-soi\" target=\"_blank\"><img loading=\"lazy\" decoding=\"async\" class=\"wp-image-596 alignleft\" src=\"https:\/\/www.capitecorpus.com\/blog\/wp-content\/uploads\/2015\/10\/formation_affirmation_de_soi.jpg\" alt=\"formation_affirmation_de_soi\" width=\"220\" height=\"125\" srcset=\"https:\/\/www.capitecorpus.com\/blog\/wp-content\/uploads\/2015\/10\/formation_affirmation_de_soi.jpg 464w, https:\/\/www.capitecorpus.com\/blog\/wp-content\/uploads\/2015\/10\/formation_affirmation_de_soi-300x171.jpg 300w\" sizes=\"(max-width: 220px) 100vw, 220px\" \/><\/a><span class=\"s1\">Une formation de 2 jours pour d\u00e9velopper son assertivit\u00e9 et mieux g\u00e9rer ses \u00e9motions : comment se donner les moyens indispensables de se faire \u00e9couter, de gagner en cr\u00e9dibilit\u00e9, d\u00e9fendre son point de vue face aux autres et r\u00e9sister quand cela est n\u00e9cessaire.<\/span><\/p>\n<h2 style=\"font-size: 1.1em; text-align: justify;\">Consulter le programme d\u00e9taill\u00e9 de notre formation <a href=\"https:\/\/www.capitecorpus.com\/formation-efficacite-relationnelle\/formation-affirmation-de-soi\"><span style=\"color: #df0f02;\"><strong style=\"color: #df0f02; text-decoration: none;\">Affirmation de soi\u00a0et gestion des \u00e9motions<\/strong><\/span><\/a><\/h2>\n<p>[\/vc_column_text][\/vc_column][vc_column width=\u00a0\u00bb1\/3&Prime;][vc_widget_sidebar sidebar_id=\u00a0\u00bbtd-default\u00a0\u00bb][\/vc_column][\/vc_row]<\/p>\n","protected":false},"excerpt":{"rendered":"<p>[vc_row][vc_column width=\u00a0\u00bb2\/3&Prime;][\/vc_column][\/vc_row][vc_row][vc_column width=\u00a0\u00bb2\/3&Prime;][vc_column_text]Des formations autour de l&rsquo;efficacit\u00e9 relationnelle et des outils de communication interpersonnelle accessibles en inter-entreprise et en intra-entreprise.[\/vc_column_text][vc_separator color=\u00a0\u00bbcustom\u00a0\u00bb accent_color=\u00a0\u00bb#df0f02&Prime;][vc_column_text] Gestion des conflits : R\u00e9tablir la communication et n\u00e9gocier une sortie de conflits Une formation de 2 jours pour faire face en confiance \u00e0 des situations difficiles et traiter le conflits au sein [&hellip;]<\/p>\n","protected":false},"author":3,"featured_media":0,"parent":0,"menu_order":0,"comment_status":"closed","ping_status":"closed","template":"","meta":{"_et_pb_use_builder":"","_et_pb_old_content":"","_et_gb_content_width":"","footnotes":""},"class_list":["post-82","page","type-page","status-publish","hentry"],"_links":{"self":[{"href":"https:\/\/www.capitecorpus.com\/blog\/wp-json\/wp\/v2\/pages\/82","targetHints":{"allow":["GET"]}}],"collection":[{"href":"https:\/\/www.capitecorpus.com\/blog\/wp-json\/wp\/v2\/pages"}],"about":[{"href":"https:\/\/www.capitecorpus.com\/blog\/wp-json\/wp\/v2\/types\/page"}],"author":[{"embeddable":true,"href":"https:\/\/www.capitecorpus.com\/blog\/wp-json\/wp\/v2\/users\/3"}],"replies":[{"embeddable":true,"href":"https:\/\/www.capitecorpus.com\/blog\/wp-json\/wp\/v2\/comments?post=82"}],"version-history":[{"count":0,"href":"https:\/\/www.capitecorpus.com\/blog\/wp-json\/wp\/v2\/pages\/82\/revisions"}],"wp:attachment":[{"href":"https:\/\/www.capitecorpus.com\/blog\/wp-json\/wp\/v2\/media?parent=82"}],"curies":[{"name":"wp","href":"https:\/\/api.w.org\/{rel}","templated":true}]}}